{"id":8834,"date":"2021-11-07T01:19:30","date_gmt":"2021-11-06T22:19:30","guid":{"rendered":"http:\/\/dtrenn.com\/privacy-policy\/"},"modified":"2022-05-15T21:32:19","modified_gmt":"2022-05-15T18:32:19","slug":"privacy-policy","status":"publish","type":"page","link":"https:\/\/dtrenn.com\/pl\/privacy-policy\/","title":{"rendered":"Polityka \u00a0prywatno\u015bci\u00a0\u00a0"},"content":{"rendered":"<p><span style=\"vertical-align: inherit;\"><strong><span class=\"\" style=\"vertical-align: inherit;\">Polityka <\/span><\/strong><strong><span class=\"\" style=\"vertical-align: inherit;\">\u00a0prywatno\u015bci\u00a0\u00a0<\/span><\/strong><\/span><\/p>\n<p><strong>\u00a0<\/strong><\/p>\n<p><strong><span style=\"vertical-align: inherit;\"><span style=\"vertical-align: inherit;\">O\u015bwiadczenie o prywatno\u015bci i poufno\u015bci<\/span><\/span><\/strong><\/p>\n<p><strong><span style=\"vertical-align: inherit;\"><span style=\"vertical-align: inherit;\">Doceniamy Twoje zainteresowanie i obawy dotycz\u0105ce prywatno\u015bci Twoich danych w Internecie. <\/span><span style=\"vertical-align: inherit;\">Niniejsza polityka zosta\u0142a przygotowana, aby pom\u00f3c Ci zrozumie\u0107 charakter danych, kt\u00f3re zbieramy od Ciebie, gdy odwiedzasz witryn\u0119 \u201edtrenn.com\u201d i jak post\u0119pujemy z tymi danymi osobowymi <\/span><\/span><\/strong><strong><span style=\"vertical-align: inherit;\"><span style=\"vertical-align: inherit;\">.<\/span><\/span><\/strong><\/p>\n<p><strong><span style=\"vertical-align: inherit;\"><span style=\"vertical-align: inherit;\">przegl\u0105danie<\/span><\/span><\/strong><\/p>\n<p><strong><span style=\"vertical-align: inherit;\"><span style=\"vertical-align: inherit;\">Nie zaprojektowali\u015bmy tej strony w celu zbierania Twoich danych osobowych z Twojego komputera podczas przegl\u0105dania tej strony, ale tylko dane podane przez Ciebie b\u0119d\u0105 wykorzystywane za Twoj\u0105 wiedz\u0105 i z w\u0142asnej woli <\/span><\/span><\/strong><strong><span style=\"vertical-align: inherit;\"><span style=\"vertical-align: inherit;\">.<\/span><\/span><\/strong><\/p>\n<p><strong><span style=\"vertical-align: inherit;\"><span style=\"vertical-align: inherit;\">Adres protoko\u0142u internetowego ( <\/span><\/span><\/strong><strong><span style=\"vertical-align: inherit;\"><span style=\"vertical-align: inherit;\">IP <\/span><\/span><\/strong><strong><span style=\"vertical-align: inherit;\"><span style=\"vertical-align: inherit;\">)<\/span><\/span><\/strong><\/p>\n<p><strong>\u00a0 <\/strong><strong><span style=\"vertical-align: inherit;\"><span style=\"vertical-align: inherit;\">Za ka\u017cdym razem, gdy odwiedzasz dowoln\u0105 witryn\u0119 internetow\u0105, w tym t\u0119 witryn\u0119, serwer hosta zapisuje Tw\u00f3j <\/span><\/span><\/strong><strong><span style=\"vertical-align: inherit;\"><span style=\"vertical-align: inherit;\">\u00a0\u00a0 adres protoko\u0142u internetowego (IP) <\/span><\/span><\/strong><strong><span style=\"vertical-align: inherit;\"><span style=\"vertical-align: inherit;\">, dat\u0119 i godzin\u0119 wizyty, typ u\u017cywanej przegl\u0105darki internetowej oraz\u00a0 <\/span><\/span><\/strong><strong><span style=\"vertical-align: inherit;\"><span style=\"vertical-align: inherit;\">adres URL\u00a0 <\/span><\/span><\/strong><strong><span style=\"vertical-align: inherit;\"><span style=\"vertical-align: inherit;\">dowolnej witryny, do kt\u00f3rej si\u0119 odwo\u0142ujesz . <\/span><span style=\"vertical-align: inherit;\">witryna w sieci <\/span><\/span><\/strong><strong><span style=\"vertical-align: inherit;\"><span style=\"vertical-align: inherit;\">.<\/span><\/span><\/strong><\/p>\n<p><strong><span style=\"vertical-align: inherit;\"><span style=\"vertical-align: inherit;\">Skanowanie sieciowe<\/span><\/span><\/strong><\/p>\n<p><strong>\u00a0<\/strong><strong><span style=\"vertical-align: inherit;\"><span style=\"vertical-align: inherit;\">Ankiety, kt\u00f3re przeprowadzamy bezpo\u015brednio w sieci, pozwalaj\u0105 nam zbiera\u0107 okre\u015blone dane, takie jak \u017c\u0105dane od Ciebie dane dotycz\u0105ce Twojego pogl\u0105du i odczucia na temat naszej strony <\/span><\/span><\/strong><strong><span style=\"vertical-align: inherit;\"><span style=\"vertical-align: inherit;\">.<\/span><\/span><\/strong><\/p>\n<p><strong><span style=\"vertical-align: inherit;\"><span style=\"vertical-align: inherit;\">Linki do innych stron w Internecie<\/span><\/span><\/strong><\/p>\n<p><strong><span style=\"vertical-align: inherit;\"><span style=\"vertical-align: inherit;\">Nasza strona internetowa mo\u017ce zawiera\u0107 linki do innych stron internetowych w Internecie. <\/span><span style=\"vertical-align: inherit;\">Lub reklamy z innych witryn i nie ponosimy odpowiedzialno\u015bci za metody gromadzenia danych przez te witryny. Mo\u017cesz przegl\u0105da\u0107 zasady poufno\u015bci i zawarto\u015b\u0107 tych witryn, do kt\u00f3rych mo\u017cna uzyska\u0107 dost\u0119p za po\u015brednictwem dowolnego \u0142\u0105cza w tej witrynie <\/span><\/span><\/strong><strong><span style=\"vertical-align: inherit;\"><span style=\"vertical-align: inherit;\">.<\/span><\/span><\/strong><\/p>\n<p><strong><span style=\"vertical-align: inherit;\"><span style=\"vertical-align: inherit;\">Mo\u017cemy korzysta\u0107 z zewn\u0119trznych firm reklamowych do wy\u015bwietlania reklam podczas odwiedzania naszej witryny. <\/span><span style=\"vertical-align: inherit;\">Firmy te mog\u0105 wykorzystywa\u0107 informacje o Twoich wizytach na tej i innych stronach internetowych (z wyj\u0105tkiem Twojego imienia i nazwiska, adresu, adresu e-mail lub numeru telefonu) w celu dostarczania reklam dotycz\u0105cych towar\u00f3w i us\u0142ug, kt\u00f3re Ci\u0119 interesuj\u0105. <\/span><span style=\"vertical-align: inherit;\">Je\u015bli chcesz uzyska\u0107 wi\u0119cej informacji na ten temat i pozna\u0107 dost\u0119pne opcje, aby zapobiec wykorzystywaniu tych informacji przez te firmy, kliknij tutaj <\/span><\/span><\/strong><strong><span style=\"vertical-align: inherit;\"><span style=\"vertical-align: inherit;\">.<\/span><\/span><\/strong><\/p>\n<p><strong><span style=\"vertical-align: inherit;\"><span style=\"vertical-align: inherit;\">Reklamy<\/span><\/span><\/strong><\/p>\n<p><strong><span style=\"vertical-align: inherit;\"><span style=\"vertical-align: inherit;\">\u201edtrenn.com\u201d korzysta z zewn\u0119trznego brokera reklamowego, kt\u00f3ry jest administratorem reklam wy\u015bwietlanych na \u201edtrenn.com\u201d, chocia\u017c reklamy s\u0105 codziennie sprawdzane w celu usuni\u0119cia reklam zawieraj\u0105cych obrazy kobiet lub linki do niekt\u00f3rych witryn, kt\u00f3re nie s\u0105 odpowiednie dla obserwuj\u0105cych i fan\u00f3w.\u201d dtrenn.com\u201d, ale czasami mo\u017cesz zobaczy\u0107 reklamy, nad kt\u00f3rymi nie mamy pe\u0142nej kontroli <\/span><\/span><\/strong><strong><span style=\"vertical-align: inherit;\"><span style=\"vertical-align: inherit;\">.<\/span><\/span><\/strong><\/p>\n<p><strong><span style=\"vertical-align: inherit;\"><span style=\"vertical-align: inherit;\">Mo\u017cesz jednak zapobiec wszelkim reklamom, kt\u00f3re uznasz za nieodpowiednie, wysy\u0142aj\u0105c link do administratora witryny, wysy\u0142aj\u0105c wiadomo\u015b\u0107 ze strony Kontakt w g\u00f3rnej cz\u0119\u015bci menu g\u0142\u00f3wnego <\/span><\/span><\/strong><strong><span style=\"vertical-align: inherit;\"><span style=\"vertical-align: inherit;\">.<\/span><\/span><\/strong><\/p>\n<p><strong><span style=\"vertical-align: inherit;\"><span style=\"vertical-align: inherit;\">Ujawnienie informacji\u00a0<\/span><\/span><\/strong><\/p>\n<p><strong><span style=\"vertical-align: inherit;\"><span style=\"vertical-align: inherit;\">Przez ca\u0142y czas b\u0119dziemy zachowywa\u0107 prywatno\u015b\u0107 i poufno\u015b\u0107 wszystkich uzyskanych przez nas danych osobowych. <\/span><span style=\"vertical-align: inherit;\">Takie informacje nie zostan\u0105 ujawnione, chyba \u017ce jest to wymagane przez jakiekolwiek prawo lub gdy wierzymy w dobrej wierze, \u017ce takie dzia\u0142anie b\u0119dzie wymagane lub po\u017c\u0105dane w celu zachowania zgodno\u015bci z prawem lub w celu obrony lub ochrony praw w\u0142asno\u015bci tej witryny lub jej beneficjent\u00f3w.<\/span><\/span><\/strong><\/p>\n<p><strong><span style=\"vertical-align: inherit;\"><span style=\"vertical-align: inherit;\">Dane niezb\u0119dne do realizacji \u017c\u0105danych przez Ciebie transakcji<\/span><\/span><\/strong><\/p>\n<p><strong><span style=\"vertical-align: inherit;\"><span style=\"vertical-align: inherit;\">\u00a0Gdy b\u0119dziemy potrzebowa\u0107 jakichkolwiek Twoich danych, poprosimy Ci\u0119 o ich podanie z w\u0142asnej woli. <\/span><span style=\"vertical-align: inherit;\">Informacje te pomog\u0105 nam w kontaktowaniu si\u0119 z Tob\u0105 i realizacji Twoich pr\u00f3\u015bb tam, gdzie to mo\u017cliwe. <\/span><span style=\"vertical-align: inherit;\">Podane przez Ciebie dane nigdy nie zostan\u0105 sprzedane \u017cadnej osobie trzeciej w celu marketingu dla w\u0142asnej korzy\u015bci bez Twojej uprzedniej pisemnej zgody, chyba \u017ce odbywa si\u0119 to na podstawie tego, \u017ce stanowi\u0105 one cz\u0119\u015b\u0107 danych zbiorczych wykorzystywanych do cel\u00f3w statystycznych i badawczych bez w tym wszelkie dane, kt\u00f3re mog\u0105 by\u0107 u\u017cyte do Twojej identyfikacji.<\/span><\/span><\/strong><\/p>\n<p><strong><span style=\"vertical-align: inherit;\"><span style=\"vertical-align: inherit;\">Kiedy si\u0119 z nami kontaktujesz<\/span><\/span><\/strong><\/p>\n<p><strong><span style=\"vertical-align: inherit;\"><span style=\"vertical-align: inherit;\">\u00a0Wszystkie podane przez Ciebie dane b\u0119d\u0105 traktowane jako poufne. <\/span><span style=\"vertical-align: inherit;\">Formularze przesy\u0142ane bezpo\u015brednio w sieci wymagaj\u0105 podania danych, kt\u00f3re pomog\u0105 nam ulepszy\u0107 nasz\u0105 witryn\u0119.Dane dostarczone przez Ciebie zostan\u0105 wykorzystane do odpowiedzi na wszystkie Twoje zapytania, komentarze lub pro\u015bby ze strony tej witryny lub kt\u00f3rejkolwiek z jej witryn stowarzyszonych.<\/span><\/span><\/strong><\/p>\n<p><strong><span style=\"vertical-align: inherit;\"><span style=\"vertical-align: inherit;\">Ujawnianie informacji jakiejkolwiek osobie trzeciej\u00a0<\/span><\/span><\/strong><\/p>\n<p><strong><span style=\"vertical-align: inherit;\"><span style=\"vertical-align: inherit;\">Nie b\u0119dziemy sprzedawa\u0107, handlowa\u0107, wynajmowa\u0107 ani ujawnia\u0107 \u017cadnych informacji na rzecz os\u00f3b trzecich poza t\u0105 witryn\u0105 lub jej witrynami stowarzyszonymi. Informacje zostan\u0105 ujawnione tylko w przypadku nakazu wydanego przez jakikolwiek organ s\u0105dowy lub regulacyjny .<\/span><\/span><\/strong><\/p>\n<p><strong><span style=\"vertical-align: inherit;\"><span style=\"vertical-align: inherit;\">Skontaktuj si\u0119 z nami<\/span><\/span><\/strong><\/p>\n<p><strong><span style=\"vertical-align: inherit;\"><span style=\"vertical-align: inherit;\">Mo\u017cesz skontaktowa\u0107 si\u0119 z nami w razie potrzeby, klikaj\u0105c \u0142\u0105cze Skontaktuj si\u0119 z nami dost\u0119pne w \u0142\u0105czach naszej witryny w g\u00f3rnej cz\u0119\u015bci menu g\u0142\u00f3wnego.<\/span><\/span><\/strong><\/p>\n","protected":false},"excerpt":{"rendered":"<p>Polityka \u00a0prywatno\u015bci\u00a0\u00a0 \u00a0 O\u015bwiadczenie o prywatno\u015bci i poufno\u015bci Doceniamy Twoje zainteresowanie i obawy dotycz\u0105ce prywatno\u015bci Twoich danych w Internecie. Niniejsza polityka zosta\u0142a przygotowana, aby pom\u00f3c Ci zrozumie\u0107 charakter danych, kt\u00f3re zbieramy od Ciebie, gdy odwiedzasz witryn\u0119 \u201edtrenn.com\u201d i jak post\u0119pujemy z tymi danymi osobowymi . przegl\u0105danie Nie zaprojektowali\u015bmy tej strony w celu zbierania Twoich danych &hellip;<\/p>\n","protected":false},"author":1,"featured_media":0,"parent":0,"menu_order":0,"comment_status":"closed","ping_status":"closed","template":"","meta":{"footnotes":""},"class_list":["post-8834","page","type-page","status-publish","hentry"],"yoast_head":"<!-- This site is optimized with the Yoast SEO plugin v27.4 - https:\/\/yoast.com\/product\/yoast-seo-wordpress\/ -->\n<title>Polityka \u00a0prywatno\u015bci\u00a0\u00a0 - dtenn.com<\/title>\n<meta name=\"robots\" content=\"index, follow, max-snippet:-1, max-image-preview:large, max-video-preview:-1\" \/>\n<link rel=\"canonical\" href=\"https:\/\/dtrenn.com\/pl\/privacy-policy\/\" \/>\n<meta property=\"og:locale\" content=\"pl_PL\" \/>\n<meta property=\"og:type\" content=\"article\" \/>\n<meta property=\"og:title\" content=\"Polityka \u00a0prywatno\u015bci\u00a0\u00a0 - dtenn.com\" \/>\n<meta property=\"og:description\" content=\"Polityka \u00a0prywatno\u015bci\u00a0\u00a0 \u00a0 O\u015bwiadczenie o prywatno\u015bci i poufno\u015bci Doceniamy Twoje zainteresowanie i obawy dotycz\u0105ce prywatno\u015bci Twoich danych w Internecie. Niniejsza polityka zosta\u0142a przygotowana, aby pom\u00f3c Ci zrozumie\u0107 charakter danych, kt\u00f3re zbieramy od Ciebie, gdy odwiedzasz witryn\u0119 \u201edtrenn.com\u201d i jak post\u0119pujemy z tymi danymi osobowymi . przegl\u0105danie Nie zaprojektowali\u015bmy tej strony w celu zbierania Twoich danych &hellip;\" \/>\n<meta property=\"og:url\" content=\"https:\/\/dtrenn.com\/pl\/privacy-policy\/\" \/>\n<meta property=\"og:site_name\" content=\"dtenn.com\" \/>\n<meta property=\"article:modified_time\" content=\"2022-05-15T18:32:19+00:00\" \/>\n<meta name=\"twitter:card\" content=\"summary_large_image\" \/>\n<meta name=\"twitter:label1\" content=\"Szacowany czas czytania\" \/>\n\t<meta name=\"twitter:data1\" content=\"4 minuty\" \/>\n<script type=\"application\/ld+json\" class=\"yoast-schema-graph\">{\"@context\":\"https:\\\/\\\/schema.org\",\"@graph\":[{\"@type\":\"WebPage\",\"@id\":\"https:\\\/\\\/dtrenn.com\\\/pl\\\/privacy-policy\\\/\",\"url\":\"https:\\\/\\\/dtrenn.com\\\/pl\\\/privacy-policy\\\/\",\"name\":\"Polityka \u00a0prywatno\u015bci\u00a0\u00a0 - dtenn.com\",\"isPartOf\":{\"@id\":\"https:\\\/\\\/dtrenn.com\\\/de\\\/#website\"},\"datePublished\":\"2021-11-06T22:19:30+00:00\",\"dateModified\":\"2022-05-15T18:32:19+00:00\",\"breadcrumb\":{\"@id\":\"https:\\\/\\\/dtrenn.com\\\/pl\\\/privacy-policy\\\/#breadcrumb\"},\"inLanguage\":\"pl-PL\",\"potentialAction\":[{\"@type\":\"ReadAction\",\"target\":[\"https:\\\/\\\/dtrenn.com\\\/pl\\\/privacy-policy\\\/\"]}]},{\"@type\":\"BreadcrumbList\",\"@id\":\"https:\\\/\\\/dtrenn.com\\\/pl\\\/privacy-policy\\\/#breadcrumb\",\"itemListElement\":[{\"@type\":\"ListItem\",\"position\":1,\"name\":\"Home\",\"item\":\"https:\\\/\\\/dtrenn.com\\\/pl\\\/\"},{\"@type\":\"ListItem\",\"position\":2,\"name\":\"Polityka \u00a0prywatno\u015bci\u00a0\u00a0\"}]},{\"@type\":\"WebSite\",\"@id\":\"https:\\\/\\\/dtrenn.com\\\/de\\\/#website\",\"url\":\"https:\\\/\\\/dtrenn.com\\\/de\\\/\",\"name\":\"dtenn.com\",\"description\":\"\u0645\u0648\u0642\u0639 \u0639\u0646 \u0627\u0644\u062d\u064a\u0648\u0627\u0646\u0627\u062a\",\"potentialAction\":[{\"@type\":\"SearchAction\",\"target\":{\"@type\":\"EntryPoint\",\"urlTemplate\":\"https:\\\/\\\/dtrenn.com\\\/de\\\/?s={search_term_string}\"},\"query-input\":{\"@type\":\"PropertyValueSpecification\",\"valueRequired\":true,\"valueName\":\"search_term_string\"}}],\"inLanguage\":\"pl-PL\"}]}<\/script>\n<!-- \/ Yoast SEO plugin. -->","yoast_head_json":{"title":"Polityka \u00a0prywatno\u015bci\u00a0\u00a0 - dtenn.com","robots":{"index":"index","follow":"follow","max-snippet":"max-snippet:-1","max-image-preview":"max-image-preview:large","max-video-preview":"max-video-preview:-1"},"canonical":"https:\/\/dtrenn.com\/pl\/privacy-policy\/","og_locale":"pl_PL","og_type":"article","og_title":"Polityka \u00a0prywatno\u015bci\u00a0\u00a0 - dtenn.com","og_description":"Polityka \u00a0prywatno\u015bci\u00a0\u00a0 \u00a0 O\u015bwiadczenie o prywatno\u015bci i poufno\u015bci Doceniamy Twoje zainteresowanie i obawy dotycz\u0105ce prywatno\u015bci Twoich danych w Internecie. Niniejsza polityka zosta\u0142a przygotowana, aby pom\u00f3c Ci zrozumie\u0107 charakter danych, kt\u00f3re zbieramy od Ciebie, gdy odwiedzasz witryn\u0119 \u201edtrenn.com\u201d i jak post\u0119pujemy z tymi danymi osobowymi . przegl\u0105danie Nie zaprojektowali\u015bmy tej strony w celu zbierania Twoich danych &hellip;","og_url":"https:\/\/dtrenn.com\/pl\/privacy-policy\/","og_site_name":"dtenn.com","article_modified_time":"2022-05-15T18:32:19+00:00","twitter_card":"summary_large_image","twitter_misc":{"Szacowany czas czytania":"4 minuty"},"schema":{"@context":"https:\/\/schema.org","@graph":[{"@type":"WebPage","@id":"https:\/\/dtrenn.com\/pl\/privacy-policy\/","url":"https:\/\/dtrenn.com\/pl\/privacy-policy\/","name":"Polityka \u00a0prywatno\u015bci\u00a0\u00a0 - dtenn.com","isPartOf":{"@id":"https:\/\/dtrenn.com\/de\/#website"},"datePublished":"2021-11-06T22:19:30+00:00","dateModified":"2022-05-15T18:32:19+00:00","breadcrumb":{"@id":"https:\/\/dtrenn.com\/pl\/privacy-policy\/#breadcrumb"},"inLanguage":"pl-PL","potentialAction":[{"@type":"ReadAction","target":["https:\/\/dtrenn.com\/pl\/privacy-policy\/"]}]},{"@type":"BreadcrumbList","@id":"https:\/\/dtrenn.com\/pl\/privacy-policy\/#breadcrumb","itemListElement":[{"@type":"ListItem","position":1,"name":"Home","item":"https:\/\/dtrenn.com\/pl\/"},{"@type":"ListItem","position":2,"name":"Polityka \u00a0prywatno\u015bci\u00a0\u00a0"}]},{"@type":"WebSite","@id":"https:\/\/dtrenn.com\/de\/#website","url":"https:\/\/dtrenn.com\/de\/","name":"dtenn.com","description":"\u0645\u0648\u0642\u0639 \u0639\u0646 \u0627\u0644\u062d\u064a\u0648\u0627\u0646\u0627\u062a","potentialAction":[{"@type":"SearchAction","target":{"@type":"EntryPoint","urlTemplate":"https:\/\/dtrenn.com\/de\/?s={search_term_string}"},"query-input":{"@type":"PropertyValueSpecification","valueRequired":true,"valueName":"search_term_string"}}],"inLanguage":"pl-PL"}]}},"_links":{"self":[{"href":"https:\/\/dtrenn.com\/pl\/wp-json\/wp\/v2\/pages\/8834","targetHints":{"allow":["GET"]}}],"collection":[{"href":"https:\/\/dtrenn.com\/pl\/wp-json\/wp\/v2\/pages"}],"about":[{"href":"https:\/\/dtrenn.com\/pl\/wp-json\/wp\/v2\/types\/page"}],"author":[{"embeddable":true,"href":"https:\/\/dtrenn.com\/pl\/wp-json\/wp\/v2\/users\/1"}],"replies":[{"embeddable":true,"href":"https:\/\/dtrenn.com\/pl\/wp-json\/wp\/v2\/comments?post=8834"}],"version-history":[{"count":0,"href":"https:\/\/dtrenn.com\/pl\/wp-json\/wp\/v2\/pages\/8834\/revisions"}],"wp:attachment":[{"href":"https:\/\/dtrenn.com\/pl\/wp-json\/wp\/v2\/media?parent=8834"}],"curies":[{"name":"wp","href":"https:\/\/api.w.org\/{rel}","templated":true}]}}